{"id":11900,"date":"2023-03-15T16:03:47","date_gmt":"2023-03-15T16:03:47","guid":{"rendered":"https:\/\/cihangirdentalclinic.com\/?page_id=11900"},"modified":"2023-03-15T16:08:56","modified_gmt":"2023-03-15T16:08:56","slug":"cdc-terms-of-use","status":"publish","type":"page","link":"https:\/\/dtanilyildiz.com\/en\/cdc-terms-of-use\/","title":{"rendered":"Terms of Use"},"content":{"rendered":"<section id=\"bt_bb_section69e15910430f8\" class=\"bt_bb_section bt_bb_layout_boxed_1200 bt_bb_vertical_align_top bt_bb_top_spacing_medium bt_bb_bottom_spacing_none\"  data-bt-override-class=\"{&quot;bt_bb_top_spacing_&quot;:{&quot;current_class&quot;:&quot;bt_bb_top_spacing_medium&quot;,&quot;xxl&quot;:&quot;medium&quot;,&quot;xl&quot;:&quot;medium&quot;},&quot;bt_bb_bottom_spacing_&quot;:{&quot;current_class&quot;:&quot;bt_bb_bottom_spacing_none&quot;,&quot;xxl&quot;:&quot;none&quot;,&quot;xl&quot;:&quot;none&quot;}}\"><div class=\"bt_bb_port\"><div class=\"bt_bb_cell\"><div class=\"bt_bb_cell_inner\"><div class=\"bt_bb_row_wrapper\"><div  class=\"bt_bb_row\"  data-bt-override-class=\"{}\"><div  class=\"bt_bb_column col-xxl-12 col-xl-12 col-xs-12 col-sm-12 col-md-12 col-lg-12 bt_bb_vertical_align_top bt_bb_align_left bt_bb_padding_normal\"  data-width=\"12\" data-bt-override-class=\"{}\"><div class=\"bt_bb_column_content\"><div  class=\"bt_bb_text\" ><p>Welcome to Cihangir Dental Clinic! These terms of use govern your use of our website and dental services. By using our website or services, you agree to these terms.<\/p>\n<p>Website Use<\/p>\n<p>Our website is provided for informational purposes only. We may update or change the content of our website at any time without notice. We do not guarantee the accuracy or completeness of the information on our website and are not liable for any errors or omissions.<\/p>\n<p>Intellectual Property<\/p>\n<p>All content on our website, including text, graphics, logos, images, and software, is our property or the property of our licensors and is protected by intellectual property laws. You may not copy, distribute, or use any content on our website without our prior written consent.<\/p>\n<p>Dental Services<\/p>\n<p>We provide dental services in accordance with professional standards and guidelines. We do not guarantee the success of any dental procedure and are not liable for any negative outcomes or complications.<\/p>\n<p>Appointments<\/p>\n<p>To schedule an appointment, please call our office or book online. We require 24 hours&#8217; notice for cancellations or rescheduling. Failure to provide sufficient notice may result in a fee or loss of appointment privileges.<\/p>\n<p>Payment<\/p>\n<p>We accept payment by cash or credit card. Payment is due at the time of service unless other arrangements have been made. We reserve the right to charge interest on any outstanding balances.<\/p>\n<p>Limitation of Liability<\/p>\n<p>We are not liable for any direct, indirect, incidental, consequential, or special damages arising from your use of our website or services. Our liability is limited to the amount paid for the specific dental service that gives rise to the claim.<\/p>\n<p>Indemnification<\/p>\n<p>You agree to indemnify and hold us harmless from any claims, damages, or expenses arising from your use of our website or services, or any violation of these terms of use.<\/p>\n<p>Governing Law<\/p>\n<p>These terms of use are governed by and construed in accordance with the laws of Turkey. Any disputes arising from these terms or your use of our website or services will be resolved in the courts of Istanbul, Turkey.<\/p>\n<p>Changes to These Terms<\/p>\n<p>We may update or change these terms of use from time to time. If we make significant changes, we will notify you by email or by posting a notice on our website.<\/p>\n<p>Contact Us<\/p>\n<p>If you have any questions about our terms of use, please contact us at:<\/p>\n<p>Cihangir Dental Clinic<\/p>\n<p>Address: K\u0131l\u0131\u00e7ali Pa\u015fa Mahallesi, Defterdar Yoku\u015fu Sokak No:48\/4 34433 Beyo\u011flu\/\u0130stanbul<\/p>\n<p>Phone: +90 555 100 42 32<\/p>\n<p>Email: info@cihangirdentalclinic.comEffective Date: March 15, 2023<\/p>\n<\/div><\/div><\/div><\/div><\/div><\/div><!-- cell_inner --><\/div><!-- cell --><\/div><!-- port --><\/section><section id=\"bt_bb_section69e1591043284\" class=\"bt_bb_section bt_bb_layout_boxed_1200 bt_bb_vertical_align_top bt_bb_top_spacing_none bt_bb_bottom_spacing_none\"  data-bt-override-class=\"{&quot;bt_bb_top_spacing_&quot;:{&quot;current_class&quot;:&quot;bt_bb_top_spacing_none&quot;,&quot;xxl&quot;:&quot;none&quot;,&quot;xl&quot;:&quot;none&quot;},&quot;bt_bb_bottom_spacing_&quot;:{&quot;current_class&quot;:&quot;bt_bb_bottom_spacing_none&quot;,&quot;xxl&quot;:&quot;none&quot;,&quot;xl&quot;:&quot;none&quot;}}\"><div class=\"bt_bb_port\"><div class=\"bt_bb_cell\"><div class=\"bt_bb_cell_inner\"><div class=\"bt_bb_row_wrapper\"><div  class=\"bt_bb_row\"  data-bt-override-class=\"{}\"><div  class=\"bt_bb_column col-xxl-12 col-xl-12 col-xs-12 col-sm-12 col-md-12 col-lg-12 bt_bb_vertical_align_top bt_bb_align_left bt_bb_padding_normal\"  data-width=\"12\" data-bt-override-class=\"{}\"><div class=\"bt_bb_column_content\"><div class=\"bt_bb_separator bt_bb_border_style_none bt_bb_top_spacing_large bt_bb_bottom_spacing_none\" data-bt-override-class=\"{&quot;bt_bb_top_spacing_&quot;:{&quot;current_class&quot;:&quot;bt_bb_top_spacing_large&quot;,&quot;xxl&quot;:&quot;large&quot;,&quot;xl&quot;:&quot;large&quot;},&quot;bt_bb_bottom_spacing_&quot;:{&quot;current_class&quot;:&quot;bt_bb_bottom_spacing_none&quot;,&quot;xxl&quot;:&quot;none&quot;,&quot;xl&quot;:&quot;none&quot;}}\"><\/div><\/div><\/div><\/div><\/div><\/div><!-- cell_inner --><\/div><!-- cell --><\/div><!-- port --><\/section>","protected":false},"excerpt":{"rendered":"","protected":false},"author":1,"featured_media":0,"parent":0,"menu_order":0,"comment_status":"closed","ping_status":"open","template":"","meta":{"footnotes":""},"class_list":["post-11900","page","type-page","status-publish","hentry"],"_links":{"self":[{"href":"https:\/\/dtanilyildiz.com\/en\/wp-json\/wp\/v2\/pages\/11900","targetHints":{"allow":["GET"]}}],"collection":[{"href":"https:\/\/dtanilyildiz.com\/en\/wp-json\/wp\/v2\/pages"}],"about":[{"href":"https:\/\/dtanilyildiz.com\/en\/wp-json\/wp\/v2\/types\/page"}],"author":[{"embeddable":true,"href":"https:\/\/dtanilyildiz.com\/en\/wp-json\/wp\/v2\/users\/1"}],"replies":[{"embeddable":true,"href":"https:\/\/dtanilyildiz.com\/en\/wp-json\/wp\/v2\/comments?post=11900"}],"version-history":[{"count":0,"href":"https:\/\/dtanilyildiz.com\/en\/wp-json\/wp\/v2\/pages\/11900\/revisions"}],"wp:attachment":[{"href":"https:\/\/dtanilyildiz.com\/en\/wp-json\/wp\/v2\/media?parent=11900"}],"curies":[{"name":"wp","href":"https:\/\/api.w.org\/{rel}","templated":true}]}}